{"id":255,"date":"2018-10-01T13:09:39","date_gmt":"2018-10-01T13:09:39","guid":{"rendered":"https:\/\/taukocafe.fi\/index.php\/home\/"},"modified":"2025-05-19T11:48:14","modified_gmt":"2025-05-19T11:48:14","slug":"koti","status":"publish","type":"page","link":"http:\/\/taukocafe.fi\/","title":{"rendered":"Koti"},"content":{"rendered":"\n\n\t\t\t\t<img decoding=\"async\" src=\"http:\/\/taukocafe.fi\/wp-content\/uploads\/2023\/08\/taukologo-pieni-1.jpg\" alt=\"Jousen Pub\" itemprop=\"image\" title=\"Jousen Pub\" onerror=\"this.style.display='none'\"  \/>\n\t\t\t\t<img decoding=\"async\" src=\"http:\/\/taukocafe.fi\/wp-content\/uploads\/2018\/10\/divider-free-img-1.png\" alt=\"divider-free-img-1.png\" itemprop=\"image\"\/>\n\t\t\t<h3>\n\t\t\t\t\tTauko Cafe\n\t\t\t\t<\/h3>\n\t\t\t<h1>\n\t\t\t\t\tKahvila &amp; Lounasravintola\n\t\t\t\t<\/h1>\n<h5>\n\t\tTauko Cafe &#038; Kitchen tarjoaa maittavia kahvila- sek\u00e4 ateriapalveluita Kameleonten- urheilukeskuksessa.  Meilt\u00e4 saat laajan valikoiman juomia, makeat ja suolaiset leivonnaiset sek\u00e4 lauantaisin ja sunnuntaisin tuoretta kotiruokaa buffetista klo 11-16 v\u00e4lisen\u00e4 aikana (tilauksesta my\u00f6s klo 16 j\u00e4lkeen sek\u00e4 arkisin).  Toimimme my\u00f6s tilausravintolana ja tarjoammekin erinomaiset puitteet esimerkiksi seurojen, yritysten tai yhdistysten ruokailuille ja kokouksille.  Tiloistamme l\u00f6ytyy my\u00f6s kabinettitiloja eri tilaisuuksiin ja tarpeisiin.\n\t<\/h5>\n\t<p><strong>Palvelemme:<\/strong><\/p>\n\n<p><strong>Olemme avoinna vain ennakkovarauksella \/ tilauksesta.<\/strong><\/p>\n<p><strong>Yhteydenotot ja tarjouspyynn\u00f6t:<\/strong><\/p>\n<p><strong>email:\u00a0ateriapalvelut@taukobaarit.fi<\/strong><\/p>\n\n\t\t\t<a href=\"#ruokalista\" target=\"_self\" role=\"button\" rel=\"noopener\">\n\t\t\t\t\t\tYhteystiedot\n\t\t<\/a>\n\t\t\t\t<img decoding=\"async\" src=\"https:\/\/taukocafe.fi\/wp-content\/plugins\/beaver-builder-lite-version\/img\/pixel.png\" alt=\"\" itemprop=\"image\" onerror=\"this.style.display='none'\"  \/>\n\t\t\t\t<img decoding=\"async\" src=\"http:\/\/taukocafe.fi\/wp-content\/uploads\/2023\/08\/taukologo-pieni-1.jpg\" alt=\"Jousen Pub\" itemprop=\"image\"\/>\n\t\t\t<h2>\n\t\t\t\t\tPyyd\u00e4 tarjous catering-palveluistamme! Ateriapalvelut@taukobaarit.fi\n\t\t\t\t<\/h2>\n\t\t\t\n\t\t\t\t<img decoding=\"async\" src=\"http:\/\/taukocafe.fi\/wp-content\/uploads\/2018\/10\/divider-free-img-1-1.png\" alt=\"divider-free-img-1.png\" itemprop=\"image\"\/>\n\t\t\t\t<img decoding=\"async\" loading=\"lazy\" src=\"https:\/\/taukocafe.fi\/wp-content\/uploads\/2023\/08\/Kameleonten-Koillinen-Laaja-pix2560-1024x576.jpg\" alt=\"Kameleonten Koillinen Laaja - pix2560\" itemprop=\"image\" height=\"576\" width=\"1024\" title=\"Kameleonten Koillinen Laaja - pix2560\" onerror=\"this.style.display='none'\"  \/>\n\t\t\t<h2>\n\t\t\t\t\tYhteystiedot\n\t\t\t\t<\/h2>\n\t\t\t\t<img decoding=\"async\" src=\"http:\/\/taukocafe.fi\/wp-content\/uploads\/2018\/10\/divider-free-img-1-1.png\" alt=\"divider-free-img-1.png\" itemprop=\"image\"\/>\n\t<p>\u00a0 \u2709\ufe0f ateriapalvelut@taukobaarit.fi<\/p>\n\n","protected":false},"excerpt":{"rendered":"<p>Tauko Cafe Kahvila &amp; Lounasravintola Tauko Cafe &#038; Kitchen tarjoaa maittavia kahvila- sek\u00e4 ateriapalveluita Kameleonten- urheilukeskuksessa. Meilt\u00e4 saat laajan valikoiman juomia, makeat ja suolaiset leivonnaiset sek\u00e4 lauantaisin ja sunnuntaisin tuoretta kotiruokaa buffetista klo 11-16 v\u00e4lisen\u00e4 aikana (tilauksesta my\u00f6s klo 16 j\u00e4lkeen sek\u00e4 arkisin). Toimimme my\u00f6s tilausravintolana ja tarjoammekin erinomaiset puitteet esimerkiksi seurojen, yritysten tai yhdistysten [&hellip;]<\/p>\n","protected":false},"author":1,"featured_media":0,"parent":0,"menu_order":0,"comment_status":"closed","ping_status":"closed","template":"","meta":{"site-sidebar-layout":"no-sidebar","site-content-layout":"page-builder","ast-site-content-layout":"full-width-container","site-content-style":"unboxed","site-sidebar-style":"unboxed","ast-global-header-display":"","ast-banner-title-visibility":"","ast-main-header-display":"","ast-hfb-above-header-display":"","ast-hfb-below-header-display":"","ast-hfb-mobile-header-display":"","site-post-title":"disabled","ast-breadcrumbs-content":"","ast-featured-img":"disabled","footer-sml-layout":"","ast-disable-related-posts":"","theme-transparent-header-meta":"default","adv-header-id-meta":"","stick-header-meta":"","header-above-stick-meta":"","header-main-stick-meta":"","header-below-stick-meta":"","astra-migrate-meta-layouts":"set","ast-page-background-enabled":"default","ast-page-background-meta":{"desktop":{"background-color":"","background-image":"","background-repeat":"repeat","background-position":"center center","background-size":"auto","background-attachment":"scroll","background-type":"","background-media":"","overlay-type":"","overlay-color":"","overlay-opacity":"","overlay-gradient":""},"tablet":{"background-color":"","background-image":"","background-repeat":"repeat","background-position":"center center","background-size":"auto","background-attachment":"scroll","background-type":"","background-media":"","overlay-type":"","overlay-color":"","overlay-opacity":"","overlay-gradient":""},"mobile":{"background-color":"","background-image":"","background-repeat":"repeat","background-position":"center center","background-size":"auto","background-attachment":"scroll","background-type":"","background-media":"","overlay-type":"","overlay-color":"","overlay-opacity":"","overlay-gradient":""}},"ast-content-background-meta":{"desktop":{"background-color":"var(--ast-global-color-5)","background-image":"","background-repeat":"repeat","background-position":"center center","background-size":"auto","background-attachment":"scroll","background-type":"","background-media":"","overlay-type":"","overlay-color":"","overlay-opacity":"","overlay-gradient":""},"tablet":{"background-color":"var(--ast-global-color-5)","background-image":"","background-repeat":"repeat","background-position":"center center","background-size":"auto","background-attachment":"scroll","background-type":"","background-media":"","overlay-type":"","overlay-color":"","overlay-opacity":"","overlay-gradient":""},"mobile":{"background-color":"var(--ast-global-color-5)","background-image":"","background-repeat":"repeat","background-position":"center center","background-size":"auto","background-attachment":"scroll","background-type":"","background-media":"","overlay-type":"","overlay-color":"","overlay-opacity":"","overlay-gradient":""}},"footnotes":""},"_links":{"self":[{"href":"http:\/\/taukocafe.fi\/index.php\/wp-json\/wp\/v2\/pages\/255"}],"collection":[{"href":"http:\/\/taukocafe.fi\/index.php\/wp-json\/wp\/v2\/pages"}],"about":[{"href":"http:\/\/taukocafe.fi\/index.php\/wp-json\/wp\/v2\/types\/page"}],"author":[{"embeddable":true,"href":"http:\/\/taukocafe.fi\/index.php\/wp-json\/wp\/v2\/users\/1"}],"replies":[{"embeddable":true,"href":"http:\/\/taukocafe.fi\/index.php\/wp-json\/wp\/v2\/comments?post=255"}],"version-history":[{"count":58,"href":"http:\/\/taukocafe.fi\/index.php\/wp-json\/wp\/v2\/pages\/255\/revisions"}],"predecessor-version":[{"id":372,"href":"http:\/\/taukocafe.fi\/index.php\/wp-json\/wp\/v2\/pages\/255\/revisions\/372"}],"wp:attachment":[{"href":"http:\/\/taukocafe.fi\/index.php\/wp-json\/wp\/v2\/media?parent=255"}],"curies":[{"name":"wp","href":"https:\/\/api.w.org\/{rel}","templated":true}]}}